{"id":100,"date":"2023-01-02T19:00:24","date_gmt":"2023-01-02T18:00:24","guid":{"rendered":"https:\/\/www.hallboif.se\/?page_id=100"},"modified":"2026-04-21T19:11:31","modified_gmt":"2026-04-21T17:11:31","slug":"fotbollsskolan","status":"publish","type":"page","link":"https:\/\/www.hallboif.se\/?page_id=100","title":{"rendered":"Fotbollsskolan 2025"},"content":{"rendered":"\n<p><strong><br>H\u00e4llbo IF fotbollsskola veckan efter midsommar,\u00a0 22\/6-26\/6<br>F\u00f6r alla barn mellan 4 och 12 \u00e5r p\u00e5 Stenvallen, H\u00e4llbo!<br><br><\/strong>Priset 300 kr per barn betalas med <strong>Swish<\/strong> f\u00f6rsta dagen.<br>Alla deltagande barn f\u00e5r en T-shirt. Det g\u00f6r att anm\u00e4lan m\u00e5ste g\u00f6ras senast 1\/6 s\u00e5 vi hinner f\u00e5 hem tr\u00f6jorna.<\/p>\n\n\n\n<p>Syftet med fotbollsskolan \u00e4r att bli v\u00e4n med bollen och ha s\u00e5 roligt som m\u00f6jligt. De \u00e4ldre barnen tr\u00e4nar ocks\u00e5 p\u00e5 att samarbeta med andra samt har spel\u00f6vningar och spel. Vi har kunniga ledare som sj\u00e4lva spelar fotboll och har erfarenhet av att leda barngrupper.<\/p>\n\n\n<div class=\"wp-block-image\">\n<figure class=\"alignright size-full is-resized\"><img loading=\"lazy\" decoding=\"async\" width=\"490\" height=\"490\" src=\"https:\/\/www.hallboif.se\/wp-content\/uploads\/2026\/04\/qrcode_docs.google.com_.png\" alt=\"\" class=\"wp-image-1060\" style=\"width:192px;height:auto\" srcset=\"https:\/\/www.hallboif.se\/wp-content\/uploads\/2026\/04\/qrcode_docs.google.com_.png 490w, https:\/\/www.hallboif.se\/wp-content\/uploads\/2026\/04\/qrcode_docs.google.com_-300x300.png 300w, https:\/\/www.hallboif.se\/wp-content\/uploads\/2026\/04\/qrcode_docs.google.com_-150x150.png 150w\" sizes=\"auto, (max-width: 490px) 100vw, 490px\" \/><\/figure>\n<\/div>\n\n\n<p><strong>Grupp 1<\/strong><strong> <\/strong><strong>4-6 \u00e5r<\/strong><strong> <\/strong><strong><\/strong><strong>10.00-11.00&nbsp;<\/strong><\/p>\n\n\n\n<p><strong>Grupp 2<\/strong><strong> <\/strong><strong>7-9 \u00e5r<\/strong><strong> <\/strong><strong><\/strong><strong>11.15-13.00<\/strong><\/p>\n\n\n\n<p><strong>Grupp 3 10-12 \u00e5r 11.15-13.00<\/strong><br><br><strong><a href=\"https:\/\/forms.gle\/CcyvUmrMw9t1rBRz5\">Anm\u00e4l er via denna l\u00e4nk<\/a><\/strong> eller via QR-koden <strong>senast den 1\/6.\u00a0<\/strong><\/p>\n\n\n\n<p>Mellanm\u00e5l ing\u00e5r och vid avslutningen f\u00e5r alla glass och diplom!<\/p>\n\n\n\n<p><strong>Fr\u00e5gor <\/strong>skickas via mail till <a href=\"mailto:hallboif@gmail.com\">hallboif@gmail.com<\/a>&nbsp;&nbsp;<\/p>\n\n\n\n<p><strong>Vi vill ha er anm\u00e4lan senast den 1:a juni<\/strong><\/p>\n\n\n\n<p><strong><sup>V\u00e4lkommen till Stenvallen<\/sup><\/strong><\/p>\n\n\n\n<h2 class=\"wp-block-heading\">Vi sponsrar fotbollsskolan 2026<\/h2>\n\n\n\n<p><\/p>\n\n\n\n<div class=\"wp-block-group is-nowrap is-layout-flex wp-container-core-group-is-layout-ad2f72ca wp-block-group-is-layout-flex\">\n<figure class=\"wp-block-image size-full is-resized\"><img loading=\"lazy\" decoding=\"async\" width=\"1013\" height=\"680\" src=\"https:\/\/www.hallboif.se\/wp-content\/uploads\/2023\/05\/viller.png\" alt=\"viller\" class=\"wp-image-353\" style=\"width:281px;height:auto\" srcset=\"https:\/\/www.hallboif.se\/wp-content\/uploads\/2023\/05\/viller.png 1013w, https:\/\/www.hallboif.se\/wp-content\/uploads\/2023\/05\/viller-300x201.png 300w, https:\/\/www.hallboif.se\/wp-content\/uploads\/2023\/05\/viller-768x516.png 768w\" sizes=\"auto, (max-width: 1013px) 100vw, 1013px\" \/><\/figure>\n\n\n\n<figure class=\"wp-block-image size-full\"><img loading=\"lazy\" decoding=\"async\" width=\"282\" height=\"180\" src=\"https:\/\/www.hallboif.se\/wp-content\/uploads\/2023\/01\/tillmans.png\" alt=\"tillmans\" class=\"wp-image-92\"\/><\/figure>\n<\/div>\n\n\n\n<div class=\"wp-block-group is-nowrap is-layout-flex wp-container-core-group-is-layout-ad2f72ca wp-block-group-is-layout-flex\">\n<figure class=\"wp-block-image size-full\"><img loading=\"lazy\" decoding=\"async\" width=\"307\" height=\"112\" src=\"https:\/\/www.hallboif.se\/wp-content\/uploads\/2025\/04\/bilpersson.png\" alt=\"\" class=\"wp-image-865\" srcset=\"https:\/\/www.hallboif.se\/wp-content\/uploads\/2025\/04\/bilpersson.png 307w, https:\/\/www.hallboif.se\/wp-content\/uploads\/2025\/04\/bilpersson-300x109.png 300w\" sizes=\"auto, (max-width: 307px) 100vw, 307px\" \/><\/figure>\n\n\n\n<figure class=\"wp-block-image size-full is-resized\"><img loading=\"lazy\" decoding=\"async\" width=\"500\" height=\"358\" src=\"https:\/\/www.hallboif.se\/wp-content\/uploads\/2025\/04\/bok_och_tryck.png\" alt=\"Bok och Tryck\" class=\"wp-image-864\" style=\"width:177px;height:auto\" srcset=\"https:\/\/www.hallboif.se\/wp-content\/uploads\/2025\/04\/bok_och_tryck.png 500w, https:\/\/www.hallboif.se\/wp-content\/uploads\/2025\/04\/bok_och_tryck-300x215.png 300w\" sizes=\"auto, (max-width: 500px) 100vw, 500px\" \/><\/figure>\n<\/div>\n\n\n\n<div class=\"wp-block-group is-nowrap is-layout-flex wp-container-core-group-is-layout-ad2f72ca wp-block-group-is-layout-flex\">\n<figure class=\"wp-block-image size-full is-resized\"><img loading=\"lazy\" decoding=\"async\" width=\"600\" height=\"215\" src=\"https:\/\/www.hallboif.se\/wp-content\/uploads\/2025\/04\/coop_2025.png\" alt=\"coop\" class=\"wp-image-862\" style=\"width:292px;height:auto\" srcset=\"https:\/\/www.hallboif.se\/wp-content\/uploads\/2025\/04\/coop_2025.png 600w, https:\/\/www.hallboif.se\/wp-content\/uploads\/2025\/04\/coop_2025-300x108.png 300w\" sizes=\"auto, (max-width: 600px) 100vw, 600px\" \/><\/figure>\n<\/div>\n","protected":false},"excerpt":{"rendered":"<p>H\u00e4llbo IF fotbollsskola veckan efter midsommar,\u00a0 22\/6-26\/6F\u00f6r alla barn mellan 4 och 12 \u00e5r p\u00e5 Stenvallen, H\u00e4llbo! Priset 300 kr per barn betalas med Swish f\u00f6rsta dagen.Alla deltagande barn f\u00e5r <a class=\"more-link\" href=\"https:\/\/www.hallboif.se\/?page_id=100\">Continue Reading &rarr;<\/a><\/p>\n","protected":false},"author":2,"featured_media":0,"parent":0,"menu_order":0,"comment_status":"closed","ping_status":"closed","template":"","meta":{"footnotes":""},"class_list":["post-100","page","type-page","status-publish","hentry"],"jetpack_sharing_enabled":true,"_links":{"self":[{"href":"https:\/\/www.hallboif.se\/index.php?rest_route=\/wp\/v2\/pages\/100","targetHints":{"allow":["GET"]}}],"collection":[{"href":"https:\/\/www.hallboif.se\/index.php?rest_route=\/wp\/v2\/pages"}],"about":[{"href":"https:\/\/www.hallboif.se\/index.php?rest_route=\/wp\/v2\/types\/page"}],"author":[{"embeddable":true,"href":"https:\/\/www.hallboif.se\/index.php?rest_route=\/wp\/v2\/users\/2"}],"replies":[{"embeddable":true,"href":"https:\/\/www.hallboif.se\/index.php?rest_route=%2Fwp%2Fv2%2Fcomments&post=100"}],"version-history":[{"count":32,"href":"https:\/\/www.hallboif.se\/index.php?rest_route=\/wp\/v2\/pages\/100\/revisions"}],"predecessor-version":[{"id":1061,"href":"https:\/\/www.hallboif.se\/index.php?rest_route=\/wp\/v2\/pages\/100\/revisions\/1061"}],"wp:attachment":[{"href":"https:\/\/www.hallboif.se\/index.php?rest_route=%2Fwp%2Fv2%2Fmedia&parent=100"}],"curies":[{"name":"wp","href":"https:\/\/api.w.org\/{rel}","templated":true}]}}