{"id":29,"date":"2023-01-02T12:22:07","date_gmt":"2023-01-02T11:22:07","guid":{"rendered":"http:\/\/www.hallboif.se\/?page_id=29"},"modified":"2026-04-01T07:13:39","modified_gmt":"2026-04-01T05:13:39","slug":"bli-medlem","status":"publish","type":"page","link":"https:\/\/www.hallboif.se\/?page_id=29","title":{"rendered":"Bli medlem"},"content":{"rendered":"\n<p><strong>Medlemsavgiften f\u00f6r 2026 fastst\u00e4lldes p\u00e5 \u00e5rsm\u00f6tet och den \u00e4r of\u00f6r\u00e4ndrad.<\/strong><\/p>\n\n\n\n<p>200 kr f\u00f6r enskild medlem.<br>400 kr f\u00f6r hel familj.<br><br>Viktigt att alla som \u00e4r aktiva inom f\u00f6reningen, spelar fotboll, eller deltar i andra aktiviteter som vi anordnar betalar in medlemsavgiften. \u201dPassiva\u201d medlemmar \u00e4r naturligtvis lika v\u00e4lkomna. Alla beh\u00f6vs om inte annat s\u00e5 f\u00f6r att st\u00f6dja v\u00e5ra verksamheter och se till att f\u00f6reningen lever vidare.<\/p>\n\n\n\n<figure class=\"wp-block-image size-large is-resized\"><img loading=\"lazy\" decoding=\"async\" width=\"791\" height=\"1024\" src=\"https:\/\/www.hallboif.se\/wp-content\/uploads\/2026\/04\/medlemsavgift-2025-791x1024.png\" alt=\"\" class=\"wp-image-1050\" style=\"aspect-ratio:0.7724741703949274;width:524px;height:auto\" srcset=\"https:\/\/www.hallboif.se\/wp-content\/uploads\/2026\/04\/medlemsavgift-2025-791x1024.png 791w, https:\/\/www.hallboif.se\/wp-content\/uploads\/2026\/04\/medlemsavgift-2025-232x300.png 232w, https:\/\/www.hallboif.se\/wp-content\/uploads\/2026\/04\/medlemsavgift-2025-768x994.png 768w, https:\/\/www.hallboif.se\/wp-content\/uploads\/2026\/04\/medlemsavgift-2025.png 927w\" sizes=\"auto, (max-width: 791px) 100vw, 791px\" \/><\/figure>\n\n\n\n<p>Det g\u00e5r bra att swisha in medlemsavgiften till 123 687 15 94 eller s\u00e4tta in p\u00e5 Bankgiro 199-7246, m\u00e4rk inbetalningen med medlemsavgift och f\u00f6r vilka betalningen g\u00e4ller.<\/p>\n\n\n\n<p><strong>Om det \u00e4r nya medlemmar vill vi \u00e4ven ha in personuppgifter via sms eller mail:<br>073-8187391 eller hallboif@gmail.com <\/strong><\/p>\n\n\n<div class=\"wp-block-image\">\n<figure class=\"alignright size-full is-resized\"><img loading=\"lazy\" decoding=\"async\" width=\"320\" height=\"250\" src=\"https:\/\/www.hallboif.se\/wp-content\/uploads\/2023\/01\/flugger_andelen_320x250px_football_se.jpg\" alt=\"\" class=\"wp-image-212\" style=\"width:154px;height:120px\" srcset=\"https:\/\/www.hallboif.se\/wp-content\/uploads\/2023\/01\/flugger_andelen_320x250px_football_se.jpg 320w, https:\/\/www.hallboif.se\/wp-content\/uploads\/2023\/01\/flugger_andelen_320x250px_football_se-300x234.jpg 300w\" sizes=\"auto, (max-width: 320px) 100vw, 320px\" \/><\/figure>\n<\/div>\n\n\n<p>Och du vet v\u00e4l att du f\u00e5r 20% rabatt p\u00e5 Fl\u00fcgger f\u00e4rg om du \u00e4r medlem i H\u00e4llbo IF? Uppge medlemskap i butiken och rabatten \u00e4r din!<\/p>\n\n\n\n<figure class=\"wp-block-image size-full is-resized\"><img loading=\"lazy\" decoding=\"async\" width=\"545\" height=\"724\" src=\"https:\/\/www.hallboif.se\/wp-content\/uploads\/2023\/01\/Swish.png\" alt=\"\" class=\"wp-image-84\" style=\"width:394px;height:523px\" srcset=\"https:\/\/www.hallboif.se\/wp-content\/uploads\/2023\/01\/Swish.png 545w, https:\/\/www.hallboif.se\/wp-content\/uploads\/2023\/01\/Swish-226x300.png 226w\" sizes=\"auto, (max-width: 545px) 100vw, 545px\" \/><\/figure>\n","protected":false},"excerpt":{"rendered":"<p>Medlemsavgiften f\u00f6r 2026 fastst\u00e4lldes p\u00e5 \u00e5rsm\u00f6tet och den \u00e4r of\u00f6r\u00e4ndrad. 200 kr f\u00f6r enskild medlem.400 kr f\u00f6r hel familj. Viktigt att alla som \u00e4r aktiva inom f\u00f6reningen, spelar fotboll, eller <a class=\"more-link\" href=\"https:\/\/www.hallboif.se\/?page_id=29\">Continue Reading &rarr;<\/a><\/p>\n","protected":false},"author":2,"featured_media":0,"parent":0,"menu_order":0,"comment_status":"closed","ping_status":"closed","template":"","meta":{"footnotes":""},"class_list":["post-29","page","type-page","status-publish","hentry"],"jetpack_sharing_enabled":true,"_links":{"self":[{"href":"https:\/\/www.hallboif.se\/index.php?rest_route=\/wp\/v2\/pages\/29","targetHints":{"allow":["GET"]}}],"collection":[{"href":"https:\/\/www.hallboif.se\/index.php?rest_route=\/wp\/v2\/pages"}],"about":[{"href":"https:\/\/www.hallboif.se\/index.php?rest_route=\/wp\/v2\/types\/page"}],"author":[{"embeddable":true,"href":"https:\/\/www.hallboif.se\/index.php?rest_route=\/wp\/v2\/users\/2"}],"replies":[{"embeddable":true,"href":"https:\/\/www.hallboif.se\/index.php?rest_route=%2Fwp%2Fv2%2Fcomments&post=29"}],"version-history":[{"count":13,"href":"https:\/\/www.hallboif.se\/index.php?rest_route=\/wp\/v2\/pages\/29\/revisions"}],"predecessor-version":[{"id":1052,"href":"https:\/\/www.hallboif.se\/index.php?rest_route=\/wp\/v2\/pages\/29\/revisions\/1052"}],"wp:attachment":[{"href":"https:\/\/www.hallboif.se\/index.php?rest_route=%2Fwp%2Fv2%2Fmedia&parent=29"}],"curies":[{"name":"wp","href":"https:\/\/api.w.org\/{rel}","templated":true}]}}