{"id":578,"date":"2024-04-15T22:24:04","date_gmt":"2024-04-15T20:24:04","guid":{"rendered":"https:\/\/www.hallboif.se\/?page_id=578"},"modified":"2025-10-10T14:46:03","modified_gmt":"2025-10-10T12:46:03","slug":"programblad-2024","status":"publish","type":"page","link":"https:\/\/www.hallboif.se\/?page_id=578","title":{"rendered":"Informationsblad"},"content":{"rendered":"<div class=\"wp-block-image\">\n<figure class=\"alignright size-full is-resized\"><img loading=\"lazy\" decoding=\"async\" width=\"261\" height=\"373\" src=\"https:\/\/www.hallboif.se\/wp-content\/uploads\/2024\/04\/info1.png\" alt=\"\" class=\"wp-image-588\" style=\"width:146px;height:auto\" srcset=\"https:\/\/www.hallboif.se\/wp-content\/uploads\/2024\/04\/info1.png 261w, https:\/\/www.hallboif.se\/wp-content\/uploads\/2024\/04\/info1-210x300.png 210w\" sizes=\"auto, (max-width: 261px) 100vw, 261px\" \/><\/figure>\n<\/div>\n\n\n<p class=\"has-normal-font-size\">H\u00e4r hittar du \u00e5rets informationsblad med information om vad som \u00e4r p\u00e5 g\u00e5ng i f\u00f6reningen och p\u00e5 Stenvallen. Samtliga filer \u00f6ppnas i nytt f\u00f6nster\/ny flik.<br><br><a href=\"https:\/\/drive.google.com\/file\/d\/1344ltQWskYBwBO0-hY6MgrAq3UfUHY1H\/view?usp=sharing\" target=\"_blank\" rel=\"noreferrer noopener\">Programblad 1<\/a> (2025)<\/p>\n\n\n\n<p class=\"has-normal-font-size\"><a href=\"https:\/\/drive.google.com\/file\/d\/1Rm3y7apOzs0Rv203rHcxbCsaQppYran_\/view?usp=drive_link\" target=\"_blank\" rel=\"noreferrer noopener\">Programblad 2<\/a> (2025)<\/p>\n\n\n\n<p class=\"has-normal-font-size\"><a href=\"https:\/\/drive.google.com\/file\/d\/1W5S32GFyYRE9RNCkb9ZSmlHG-kS1LJiQ\/view?usp=sharing\" target=\"_blank\" rel=\"noreferrer noopener\">Programblad 3<\/a> (2025)<\/p>\n\n\n\n<p class=\"has-normal-font-size\"><a href=\"https:\/\/drive.google.com\/file\/d\/1UNWRnmHt7jePwrZKasjJvSoJDC963Kje\/view?usp=sharing\" target=\"_blank\" rel=\"noreferrer noopener\">Programblad 4<\/a> (2025)<br><br><a href=\"https:\/\/drive.google.com\/file\/d\/1Yu4KxLdnHLNvxM2vKdVhNIjzaGkX1mT0\/view?usp=drive_link\" target=\"_blank\" rel=\"noreferrer noopener\">Programblad 1<\/a> (2024)<\/p>\n\n\n\n<p><a href=\"https:\/\/drive.google.com\/file\/d\/1w_99M-iVo7AL_btdFBw2HneSOR6tLoYd\/view?usp=sharing\" target=\"_blank\" rel=\"noreferrer noopener\">Programblad 2<\/a> (2024)<\/p>\n\n\n\n<p><a href=\"https:\/\/drive.google.com\/file\/d\/1mHyEomEaOLXOU0bY5ig3JbVprqymRcTT\/view?usp=sharing\" target=\"_blank\" rel=\"noreferrer noopener\">Programblad 3<\/a> (2024)<\/p>\n\n\n\n<p><a href=\"https:\/\/drive.google.com\/file\/d\/1vrLkpHVnXU6TBGLVQc8xMc-0pTQ4MB7Q\/view?usp=sharing\" data-type=\"link\" data-id=\"https:\/\/drive.google.com\/file\/d\/1vrLkpHVnXU6TBGLVQc8xMc-0pTQ4MB7Q\/view?usp=sharing\" target=\"_blank\" rel=\"noreferrer noopener\">Programblad 4<\/a> (2024)<\/p>\n\n\n\n<p><\/p>\n\n\n\n<p><\/p>\n","protected":false},"excerpt":{"rendered":"<p>H\u00e4r hittar du \u00e5rets informationsblad med information om vad som \u00e4r p\u00e5 g\u00e5ng i f\u00f6reningen och p\u00e5 Stenvallen. Samtliga filer \u00f6ppnas i nytt f\u00f6nster\/ny flik. Programblad 1 (2025) Programblad 2 <a class=\"more-link\" href=\"https:\/\/www.hallboif.se\/?page_id=578\">Continue Reading &rarr;<\/a><\/p>\n","protected":false},"author":1,"featured_media":0,"parent":0,"menu_order":0,"comment_status":"closed","ping_status":"closed","template":"","meta":{"footnotes":""},"class_list":["post-578","page","type-page","status-publish","hentry"],"jetpack_sharing_enabled":true,"_links":{"self":[{"href":"https:\/\/www.hallboif.se\/index.php?rest_route=\/wp\/v2\/pages\/578","targetHints":{"allow":["GET"]}}],"collection":[{"href":"https:\/\/www.hallboif.se\/index.php?rest_route=\/wp\/v2\/pages"}],"about":[{"href":"https:\/\/www.hallboif.se\/index.php?rest_route=\/wp\/v2\/types\/page"}],"author":[{"embeddable":true,"href":"https:\/\/www.hallboif.se\/index.php?rest_route=\/wp\/v2\/users\/1"}],"replies":[{"embeddable":true,"href":"https:\/\/www.hallboif.se\/index.php?rest_route=%2Fwp%2Fv2%2Fcomments&post=578"}],"version-history":[{"count":20,"href":"https:\/\/www.hallboif.se\/index.php?rest_route=\/wp\/v2\/pages\/578\/revisions"}],"predecessor-version":[{"id":974,"href":"https:\/\/www.hallboif.se\/index.php?rest_route=\/wp\/v2\/pages\/578\/revisions\/974"}],"wp:attachment":[{"href":"https:\/\/www.hallboif.se\/index.php?rest_route=%2Fwp%2Fv2%2Fmedia&parent=578"}],"curies":[{"name":"wp","href":"https:\/\/api.w.org\/{rel}","templated":true}]}}