{"id":67,"date":"2023-01-02T18:02:52","date_gmt":"2023-01-02T17:02:52","guid":{"rendered":"https:\/\/www.hallboif.se\/?page_id=67"},"modified":"2025-02-07T09:46:25","modified_gmt":"2025-02-07T08:46:25","slug":"vara-lag","status":"publish","type":"page","link":"https:\/\/www.hallboif.se\/?page_id=67","title":{"rendered":"V\u00e5ra lag"},"content":{"rendered":"\n<h1 class=\"wp-block-heading\">Fotboll &#8211; s\u00e4songen 2025<\/h1>\n\n\n\n<p><strong>Seniorer &#8211; div 4 H\u00e4lsingland<\/strong> &#8211; spelschema och resultat fr\u00e5n 2024 hittar ni <a href=\"https:\/\/halsingland.svenskfotboll.se\/rs\/tabell-och-resultat\/div.-4-herrar\/116540\/\" target=\"_blank\" rel=\"noreferrer noopener\">h\u00e4r<\/a>.<br>V\u00e5rt samarbete med Bolln\u00e4s GIF U forts\u00e4tter och v\u00e5r tr\u00e4ningstrupp har i \u00e5r fullt fokus p\u00e5 div4.<br><\/p>\n\n\n\n<div class=\"wp-block-media-text is-stacked-on-mobile\" style=\"grid-template-columns:35% auto\"><figure class=\"wp-block-media-text__media\"><img loading=\"lazy\" decoding=\"async\" width=\"960\" height=\"720\" src=\"https:\/\/www.hallboif.se\/wp-content\/uploads\/2025\/01\/tran.jpg\" alt=\"\" class=\"wp-image-746 size-full\" srcset=\"https:\/\/www.hallboif.se\/wp-content\/uploads\/2025\/01\/tran.jpg 960w, https:\/\/www.hallboif.se\/wp-content\/uploads\/2025\/01\/tran-300x225.jpg 300w, https:\/\/www.hallboif.se\/wp-content\/uploads\/2025\/01\/tran-768x576.jpg 768w\" sizes=\"auto, (max-width: 960px) 100vw, 960px\" \/><\/figure><div class=\"wp-block-media-text__content\">\n<p>\u00c5ret f\u00f6rsta tr\u00e4ning avklarad f\u00f6r seniorerna den 4\/1. M\u00f6jlighet till fotbollsspel \u00e4r d\u00e5lig i Bolln\u00e4s s\u00e5 vi fick starta med en tur till Delsbo. Nu v\u00e4ntar n\u00e5gra veckor med l\u00f6pning och styrka innan vi deltar i OilQuick Cup i Iggesund.<\/p>\n<\/div><\/div>\n\n\n\n<p><strong>Kontakt: <\/strong>Niklas \u00d6stlund 073-81 87 391<\/p>\n\n\n\n<h2 class=\"wp-block-heading\" id=\"block-bd7764f9-9371-492b-b483-3f7f08a71c03\">P-13 startar \u00e5rets tr\u00e4ningar l\u00e4ngre fram i v\u00e5r.!<\/h2>\n\n\n<div class=\"wp-block-image\">\n<figure class=\"alignleft is-resized\"><img decoding=\"async\" src=\"https:\/\/www.hallboif.se\/wp-content\/uploads\/2024\/03\/P12-1024x947.png\" alt=\"\" style=\"width:230px;height:auto\"\/><\/figure>\n<\/div>\n\n\n<p><strong>N\u00e4r:<\/strong>&nbsp;<br><strong>Var:<\/strong>&nbsp;<br><strong>Vem:<\/strong>&nbsp;Pojkar f\u00f6dda 2011-2013, b\u00e5de nya och tidigare spelare \u00e4r v\u00e4lkomna.<br><strong>Kontakt:<\/strong>&nbsp;Simon Nordin \u2013 070 249 36 57<br><strong>Spelschema:<\/strong><\/p>\n\n\n\n<p><\/p>\n\n\n\n<p><\/p>\n\n\n<div class=\"wp-block-image is-resized\">\n<figure class=\"alignright size-large\"><img loading=\"lazy\" decoding=\"async\" width=\"1024\" height=\"768\" src=\"https:\/\/www.hallboif.se\/wp-content\/uploads\/2023\/01\/F11_4-1024x768.jpg\" alt=\"\" class=\"wp-image-154\" style=\"width:238px;height:auto\" srcset=\"https:\/\/www.hallboif.se\/wp-content\/uploads\/2023\/01\/F11_4-1024x768.jpg 1024w, https:\/\/www.hallboif.se\/wp-content\/uploads\/2023\/01\/F11_4-300x225.jpg 300w, https:\/\/www.hallboif.se\/wp-content\/uploads\/2023\/01\/F11_4-768x576.jpg 768w, https:\/\/www.hallboif.se\/wp-content\/uploads\/2023\/01\/F11_4-1536x1152.jpg 1536w, https:\/\/www.hallboif.se\/wp-content\/uploads\/2023\/01\/F11_4.jpg 1612w\" sizes=\"auto, (max-width: 1024px) 100vw, 1024px\" \/><\/figure>\n<\/div>\n\n\n<p><br><strong>Knattelag (6-8 \u00e5r)<\/strong><br>\u00c4r du v\u00e5r nya ungdomsledare? Vi vill g\u00e4rna start upp ett knatteg\u00e4ng till v\u00e5ren, f\u00f6r barn i \u00e5ldrarna 6-8 \u00e5r, men vi saknar i dagsl\u00e4get ledare. Intresserad? <br>Kontakta Linnea \u00d6stlund 076 763 62 99 f\u00f6r mer information. Och du, det g\u00e5r utm\u00e4rkt att samarbeta med ledarna i v\u00e5ra \u00e4ldre ungdomslag!<\/p>\n\n\n\n<p><strong>Bollskoj<\/strong> (4-6 \u00e5r)<br><strong>Uppeh\u00e5ll just nu, startar igen n\u00e4r Stenvallen \u00e4r gr\u00f6n! 11\/8<\/strong><br>S\u00f6ndagar 17:00 har vi bollskoj f\u00f6r barn f\u00f6dda 2018, 2019 och 2020<br> Drop-in men man f\u00e5r g\u00e4rna f\u00f6ranm\u00e4la deltagande p\u00e5 mail till <a href=\"mailto:ostlund.johanna@outlook.com\">ostlund.johanna@outlook.com<\/a><\/p>\n\n\n\n<figure class=\"wp-block-image size-large\"><img loading=\"lazy\" decoding=\"async\" width=\"883\" height=\"1024\" src=\"https:\/\/www.hallboif.se\/wp-content\/uploads\/2024\/05\/Bollskoj1-883x1024.png\" alt=\"\" class=\"wp-image-616\" srcset=\"https:\/\/www.hallboif.se\/wp-content\/uploads\/2024\/05\/Bollskoj1-883x1024.png 883w, https:\/\/www.hallboif.se\/wp-content\/uploads\/2024\/05\/Bollskoj1-259x300.png 259w, https:\/\/www.hallboif.se\/wp-content\/uploads\/2024\/05\/Bollskoj1-768x890.png 768w, https:\/\/www.hallboif.se\/wp-content\/uploads\/2024\/05\/Bollskoj1-1325x1536.png 1325w, https:\/\/www.hallboif.se\/wp-content\/uploads\/2024\/05\/Bollskoj1-1767x2048.png 1767w\" sizes=\"auto, (max-width: 883px) 100vw, 883px\" \/><\/figure>\n","protected":false},"excerpt":{"rendered":"<p>Fotboll &#8211; s\u00e4songen 2025 Seniorer &#8211; div 4 H\u00e4lsingland &#8211; spelschema och resultat fr\u00e5n 2024 hittar ni h\u00e4r.V\u00e5rt samarbete med Bolln\u00e4s GIF U forts\u00e4tter och v\u00e5r tr\u00e4ningstrupp har i \u00e5r <a class=\"more-link\" href=\"https:\/\/www.hallboif.se\/?page_id=67\">Continue Reading &rarr;<\/a><\/p>\n","protected":false},"author":2,"featured_media":0,"parent":0,"menu_order":0,"comment_status":"closed","ping_status":"closed","template":"","meta":{"footnotes":""},"class_list":["post-67","page","type-page","status-publish","hentry"],"jetpack_sharing_enabled":true,"_links":{"self":[{"href":"https:\/\/www.hallboif.se\/index.php?rest_route=\/wp\/v2\/pages\/67","targetHints":{"allow":["GET"]}}],"collection":[{"href":"https:\/\/www.hallboif.se\/index.php?rest_route=\/wp\/v2\/pages"}],"about":[{"href":"https:\/\/www.hallboif.se\/index.php?rest_route=\/wp\/v2\/types\/page"}],"author":[{"embeddable":true,"href":"https:\/\/www.hallboif.se\/index.php?rest_route=\/wp\/v2\/users\/2"}],"replies":[{"embeddable":true,"href":"https:\/\/www.hallboif.se\/index.php?rest_route=%2Fwp%2Fv2%2Fcomments&post=67"}],"version-history":[{"count":28,"href":"https:\/\/www.hallboif.se\/index.php?rest_route=\/wp\/v2\/pages\/67\/revisions"}],"predecessor-version":[{"id":809,"href":"https:\/\/www.hallboif.se\/index.php?rest_route=\/wp\/v2\/pages\/67\/revisions\/809"}],"wp:attachment":[{"href":"https:\/\/www.hallboif.se\/index.php?rest_route=%2Fwp%2Fv2%2Fmedia&parent=67"}],"curies":[{"name":"wp","href":"https:\/\/api.w.org\/{rel}","templated":true}]}}