{"id":760,"date":"2025-01-20T15:35:36","date_gmt":"2025-01-20T14:35:36","guid":{"rendered":"https:\/\/www.hallboif.se\/?page_id=760"},"modified":"2026-01-30T09:16:29","modified_gmt":"2026-01-30T08:16:29","slug":"wp-booking-calendar","status":"publish","type":"page","link":"https:\/\/www.hallboif.se\/?page_id=760","title":{"rendered":"Bokningsformul\u00e4r"},"content":{"rendered":"\n<details class=\"wp-block-details is-layout-flow wp-block-details-is-layout-flow\" open><summary><\/summary>\n<p>Uppdatering 2026-01-30<br \/>Stugan och dess omkl\u00e4dningsrum \u00e4r under renovering. Se huvudsidan f\u00f6r mer information.<\/p>\n<p>Instruktioner:<br \/>Samtliga f\u00e4lt m\u00e4rkt med * \u00e4r obligatoriska. Ange en giltig\/fungerande e-post adress.<br \/>Giltigt telefon nummer (anges ett mobilnummer kan vi \u00e4ven skicka bekr\u00e4ftelse via SMS. Numret som skickar detta SMS \u00e4r 0760-281032). OBS! Alla bokningar bekr\u00e4ftas via e-post, inga undantag.<\/p>\n<p>\u00c4r du som bokar under 23 \u00e5r, ange din \u00e5lder i f\u00e4ltet Deltaljer\/\u00d6vrigt.<br \/>Mer information om ev. kontrakt ges i bokningsbekr\u00e4ftelsen.<\/p>\n<p>Om bokning avser dygn,ange detta i tidsintervall.<br \/>Om tidsintervall inte st\u00e4mmer \u00f6verens med ditt \u00f6nskem\u00e5l.<br \/>Ange tidsintervall i Detaljer\/\u00d6vrigt: T.ex. 17 &#8211; 23<\/p>\n<p>Notera att det kan vara m\u00f6jligt att g\u00f6ra flera bokningar samma dag. T.ex. Om stugan \u00e4r bokad mellan 12:00 och 17:00, s\u00e5 g\u00e5r det bra att boka t.ex. bastun eller tv\u00e4ttstugan 17:00-22:00. Eller om s\u00e5 \u00f6nskas, boka stugan fr\u00e5n t.ex. kl 19:00 och fram\u00e5t (OM det \u00e4r Ok med f\u00f6reg\u00e5ende hyresg\u00e4st, de hinner st\u00e4da etc).<\/p>\n<p>I kalendern, ser du att datumet \u00e4r delvis bokad, l\u00e4gg muspekaren \u00f6ver datumet, du ska nu kunna se mellan vilka tider som det \u00e4r bokat. Du ser dock inte vad som \u00e4r bokat. Beklagar detta.<\/p>\n <div id=\"form_id199114759200\" class=\"wpbc_container wpbc_form wpbc_container_booking_form \" ><form id=\"booking_form1\" class=\"booking_form vertical\" method=\"post\" action=\"\"><div id=\"ajax_respond_insert1\" class=\"ajax_respond_insert\" style=\"display:none;\"><\/div><a name=\"bklnk1\" id=\"bklnk1\"><\/a><div id=\"booking_form_div1\" class=\"booking_form_div\"><style type=\"text\/css\">.wpbc_container_booking_form .block_hints, .wpbc_booking_form_simple.wpbc_form_center .wpbc__form__div .wpbc__row.wpbc_r_calendar, .wpbc_booking_form_simple .wpbc__form__div .wpbc__row:not(.wpbc_r_calendar){max-width:440px;} <\/style>\n<div class=\"wpbc_booking_form_simple \">\n<div class=\"wpbc__row\">\n  <div class=\"wpbc__field\">\n    <div class=\"wpbc_calendar_wraper wpbc_change_over_triangle\"><div class=\"wpbc_cal_container bk_calendar_frame wpbc_no_custom_width  months_num_in_row_ cal_month_num_1\" style=\"\"><div id=\"calendar_booking1\"  class=\"wpbc_calendar_id_1\" >\t<div class=\"calendar_loader_frame calendar_loader_frame1\"\r\n\t\tdata-wpbc-rid=\"1\"\r\n\t\tdata-wpbc-grace=\"8000\"\r\n\t\tstyle=\"--wpbc-loader-cols: 1;\"\r\n\t>\r\n\t\t<div class=\"calendar_loader_text\">Laddar...<\/div>\r\n\t\t<div class=\"calendar_loader_frame__progress_line_container\">\r\n\t\t\t<div class=\"calendar_loader_frame__progress_line\"><\/div>\r\n\t\t<\/div>\r\n\t<\/div>\r\n\t<\/div><\/div><div style=\"font-size:7px;text-align:left;margin:0 0 10px;text-shadow: none;\">Powered by <a href=\"https:\/\/wpbookingcalendar.com\" style=\"font-size:7px;\" target=\"_blank\" title=\"Booking Calendar plugin for WordPress\">Booking Calendar<\/a><\/div><textarea id=\"date_booking1\" name=\"date_booking1\" autocomplete=\"off\" style=\"display:none;\"><\/textarea><div class=\"block_hints datepick \"><div class=\"wpdev_hint_with_text\"><div class=\"\"><div class=\"datepick-inline wpbc_calendar_legend_table_width_height\"><table class=\"datepick wpbc_calendar\" style=\"\"><tbody><tr><td class=\"datepick-days-cell date_available wpbc_calendar_legend_day_cell_height\"><div class=\"wpbc-cell-box\">\t<div class=\"date-cell-content\">\t\t<div class=\"date-content-top\"><\/div>\t\t<a>03<\/a>\t\t<div class=\"date-content-bottom\"><\/div>\t<\/div><\/div><\/td><\/tr><\/tbody><\/table><\/div><\/div><div class=\"block_text\">- <\/div><div class=\"block_text\">Tillg\u00e4nglig<\/div><\/div><div class=\"wpdev_hint_with_text\"><div class=\"\"><div class=\"datepick-inline wpbc_calendar_legend_table_width_height\"><table class=\"datepick wpbc_calendar\" style=\"\"><tbody><tr><td class=\"datepick-days-cell datepick-unselectable date_user_unavailable full_day_booking date_approved wpbc_calendar_legend_day_cell_height\"><div class=\"wpbc-cell-box\">\t<div class=\"date-cell-content\">\t\t<div class=\"date-content-top\"><\/div>\t\t<span>03<\/span>\t\t<div class=\"date-content-bottom\"><\/div>\t<\/div><\/div><\/td><\/tr><\/tbody><\/table><\/div><\/div><div class=\"block_text\">- <\/div><div class=\"block_text\">Bokad<\/div><\/div><div class=\"wpdev_hint_with_text\"><div class=\"\"><div class=\"datepick-inline wpbc_calendar_legend_table_width_height\"><table class=\"datepick wpbc_calendar\" style=\"\"><tbody><tr><td class=\"datepick-days-cell datepick-unselectable date_user_unavailable full_day_booking date2approve wpbc_calendar_legend_day_cell_height\"><div class=\"wpbc-cell-box\">\t<div class=\"date-cell-content\">\t\t<div class=\"date-content-top\"><\/div>\t\t<span>03<\/span>\t\t<div class=\"date-content-bottom\"><\/div>\t<\/div><\/div><\/td><\/tr><\/tbody><\/table><\/div><\/div><div class=\"block_text\">- <\/div><div class=\"block_text\">Reserverad<\/div><\/div><div class=\"wpdev_hint_with_text\"><div class=\"\"><span class=\" wpbc_change_over_triangle\"><div class=\"datepick-inline wpbc_calendar_legend_table_width_height\"><table class=\"datepick wpbc_calendar\" style=\"\"><tbody><tr><td class=\"datepick-days-cell date_available date2approve timespartly times_clock wpbc_calendar_legend_day_cell_height\"><div class=\"wpbc-cell-box\">\t<div class=\"wpbc-diagonal-el\">\t\t<div class=\"wpbc-co-out\"><svg height=\"100%\" width=\"100%\" viewBox=\"0 0 100 100\" preserveAspectRatio=\"none\"><polygon points=\"0,0 0,99 99,0\"><\/polygon><polygon points=\"0,0 0,100 49,100 49,0\"><\/polygon><\/svg><\/div>\t\t<div class=\"wpbc-co-in\"><svg height=\"100%\" width=\"100%\" viewBox=\"0 0 98 98\" preserveAspectRatio=\"none\"><polygon points=\"0,99 99,99 99,0\"><\/polygon><polygon points=\"50,98 98,98 98,0 50,0\"><\/polygon><\/svg><\/div>\t<\/div>\t<div class=\"date-cell-content\">\t\t<div class=\"date-content-top\"><div class=\"wpbc_time_dots\">\u00b7<\/div><\/div>\t\t<a>03<\/a>\t\t<div class=\"date-content-bottom\"><\/div>\t<\/div><\/div><\/td><\/tr><\/tbody><\/table><\/div><\/span><\/div><div class=\"block_text\">- <\/div><div class=\"block_text\">Delvis bokad<\/div><\/div><\/div><\/div>\n  <\/div>\n  <div class=\"wpbc__field\">\n<div class=\"wpbc__form__div\">\n\t\t\t<div class=\"wpbc__row\">\n\t\t\t\t<div class=\"wpbc_r_name wpbc__field\"> <label>F\u00f6rnamn*<\/label><br><span class=\"wpbc_wrap_text wpdev-form-control-wrap name1\"><input type=\"text\" name=\"name1\" value=\"\" autocomplete=\"name\" class=\"wpdev-validates-as-required\" size=\"40\" \/><\/span> <\/div>\n\t\t\t<\/div>\n\t\t\t<div class=\"wpbc__row\">\n\t\t\t\t<div class=\"wpbc_r_secondname wpbc__field\"> <label>Efternamn*<\/label><br><span class=\"wpbc_wrap_text wpdev-form-control-wrap secondname1\"><input type=\"text\" name=\"secondname1\" value=\"\" autocomplete=\"secondname\" class=\"wpdev-validates-as-required\" size=\"40\" \/><\/span> <\/div>\n\t\t\t<\/div>\n\t\t\t<div class=\"wpbc__row\">\n\t\t\t\t<div class=\"wpbc_r_email wpbc__field\"> <label>Email*<\/label><br><span class=\"wpbc_wrap_text wpdev-form-control-wrap email1\"><input type=\"email\" name=\"email1\" value=\"\" autocomplete=\"email\" class=\"wpdev-validates-as-email wpdev-validates-as-required\" size=\"40\" \/><\/span> <\/div>\n\t\t\t<\/div>\n\t\t\t<div class=\"wpbc__row\">\n\t\t\t\t<div class=\"wpbc_r_phone wpbc__field\"> <label>Telefon*<\/label><br><span class=\"wpbc_wrap_text wpdev-form-control-wrap phone1\"><input type=\"text\" name=\"phone1\" value=\"\" autocomplete=\"phone\" class=\"wpdev-validates-as-required\" size=\"40\" \/><\/span> <\/div>\n\t\t\t<\/div>\n\t\t\t<div class=\"wpbc__row\">\n\t\t\t\t<div class=\"wpbc_r_alternativtnummer wpbc__field\"> <label>Alternativt nummer<\/label><br><span class=\"wpbc_wrap_text wpdev-form-control-wrap alternativtnummer1\"><input type=\"text\" name=\"alternativtnummer1\" value=\"\" autocomplete=\"alternativtnummer\" size=\"40\" \/><\/span> <\/div>\n\t\t\t<\/div>\n\t\t\t<div class=\"wpbc__row\">\n\t\t\t\t<div class=\"wpbc_r_details wpbc__field\"> <label>Detaljer\/\u00d6vrigt - T.ex. Fest, fika, m\u00f6te. Ange ev. \u00f6nskem\u00e5l. t.ex. fr\u00e5n kl 17 till...<\/label><br><span class=\"wpbc_wrap_textarea wpdev-form-control-wrap details1\"><textarea name=\"details1\" autocomplete=\"details\"><\/textarea><\/span> <\/div>\n\t\t\t<\/div>\n\t\t\t<div class=\"wpbc__row\">\n\t\t\t\t<div class=\"wpbc_r_bokningavser wpbc__field\"> <label>Bokning avser<\/label><br><span class=\"wpbc_wrap_select wpdev-form-control-wrap bokningavser1\"><select onchange=\"javascript:if(typeof( wpbc_show_cost_hints_after_few_seconds )=='function'){wpbc_show_cost_hints_after_few_seconds(1);}\" name=\"bokningavser1\" autocomplete=\"bokningavser\"><option value=\"Stuga\">Stuga<\/option><option value=\"Stuga - M\u00f6te, dopfika etc\">Stuga - M\u00f6te, dopfika etc<\/option><option value=\"Bastu\">Bastu<\/option><option value=\"Bastun och Stugan\">Bastun och Stugan<\/option><option value=\"Tv\u00e4ttstuga\">Tv\u00e4ttstuga<\/option><option value=\"Anl\u00e4ggningen\">Anl\u00e4ggningen<\/option><\/select><\/span> <\/div>\n\t\t\t<\/div>\n\t\t\t<div class=\"wpbc__row\">\n\t\t\t\t<div class=\"wpbc_r_rangetime wpbc__field\"> <label>Tidsintervall*<\/label><br><span class=\"wpbc_wrap_select wpdev-form-control-wrap rangetime1\"><select onchange=\"javascript:if(typeof( wpbc_show_cost_hints_after_few_seconds )=='function'){wpbc_show_cost_hints_after_few_seconds(1);}\" name=\"rangetime1\" autocomplete=\"rangetime\" class=\"wpdev-validates-as-required\"><option value=\"10:00 - 12:00\">10:00 - 12:00<\/option><option value=\"12:00 - 17:00\">12:00 - 17:00<\/option><option value=\"15:00 - 21:00\">15:00 - 21:00<\/option><option value=\"17:00 - 22:00\">17:00 - 22:00<\/option><option value=\"18:00 - 23:00\">18:00 - 23:00<\/option><option value=\"10:00 - 18:00\">10:00 - 18:00<\/option><option value=\"00:00 - 23:59\">Dygn<\/option><\/select><\/span> <\/div>\n\t\t\t<\/div>\n\t\t\t<div class=\"wpbc__row\">\n\t\t\t\t<div class=\"wpbc_r_captcha wpbc__field\"> <label>Fyll i de tecken du ser till h\u00f6ger om text-rutan*<\/label><br><span class=\"wpbc_text_captcha_container wpdev-form-control-wrap \"><input  autocomplete=\"off\" type=\"hidden\" name=\"wpdev_captcha_challenge_1\"  id=\"wpdev_captcha_challenge_1\" value=\"2771808994\" \/><input  autocomplete=\"off\" type=\"text\" class=\"captachinput\" value=\"\" name=\"captcha_input1\" id=\"captcha_input1\" \/><img decoding=\"async\" class=\"captcha_img\"  id=\"captcha_img1\" alt=\"To show CAPTCHA, please deactivate cache plugin or exclude this page from caching or disable CAPTCHA at WP Booking Calendar - Settings General page in Form Options section.\" src=\"https:\/\/www.hallboif.se\/wp-content\/plugins\/booking\/js\/captcha\/tmp\/2771808994.png\" \/><\/span> <\/div>\n\t\t\t<\/div>\n\t\t\t<div class=\"wpbc__row\">\n\t\t\t\t<div class=\"wpbc_r_submit wpbc__field\"><input type=\"button\" value=\"Skicka\" class=\"wpbc_button_light  btn btn\" onclick=\"wpbc_booking_form_submit(this.form,1, 'sv_SE');\" \/> <\/div>\n\t\t\t<\/div>\n<\/div>\n\t<\/div>\n\t<\/div>\n<\/div><input id=\"bk_type1\" name=\"bk_type1\" class=\"\" type=\"hidden\" value=\"1\" \/><\/div><div id=\"submiting1\"><\/div><div class=\"form_bk_messages\" id=\"form_bk_messages1\" ><\/div><input type=\"hidden\" id=\"wpbc_nonceCALCULATE_THE_COST1\" name=\"wpbc_nonceCALCULATE_THE_COST1\" value=\"ec6a1b281b\" \/><input type=\"hidden\" name=\"_wp_http_referer\" value=\"\/index.php?rest_route=%2Fwp%2Fv2%2Fpages%2F760\" \/><\/form><\/div><div id=\"booking_form_garbage1\" class=\"booking_form_garbage\"><\/div> \n\n\n\n<p><\/p>\n<\/details>\n\n\n\n<p><\/p>\n","protected":false},"excerpt":{"rendered":"","protected":false},"author":1,"featured_media":0,"parent":0,"menu_order":0,"comment_status":"closed","ping_status":"closed","template":"","meta":{"footnotes":""},"class_list":["post-760","page","type-page","status-publish","hentry"],"jetpack_sharing_enabled":true,"_links":{"self":[{"href":"https:\/\/www.hallboif.se\/index.php?rest_route=\/wp\/v2\/pages\/760","targetHints":{"allow":["GET"]}}],"collection":[{"href":"https:\/\/www.hallboif.se\/index.php?rest_route=\/wp\/v2\/pages"}],"about":[{"href":"https:\/\/www.hallboif.se\/index.php?rest_route=\/wp\/v2\/types\/page"}],"author":[{"embeddable":true,"href":"https:\/\/www.hallboif.se\/index.php?rest_route=\/wp\/v2\/users\/1"}],"replies":[{"embeddable":true,"href":"https:\/\/www.hallboif.se\/index.php?rest_route=%2Fwp%2Fv2%2Fcomments&post=760"}],"version-history":[{"count":17,"href":"https:\/\/www.hallboif.se\/index.php?rest_route=\/wp\/v2\/pages\/760\/revisions"}],"predecessor-version":[{"id":1021,"href":"https:\/\/www.hallboif.se\/index.php?rest_route=\/wp\/v2\/pages\/760\/revisions\/1021"}],"wp:attachment":[{"href":"https:\/\/www.hallboif.se\/index.php?rest_route=%2Fwp%2Fv2%2Fmedia&parent=760"}],"curies":[{"name":"wp","href":"https:\/\/api.w.org\/{rel}","templated":true}]}}