{"id":78,"date":"2023-01-02T18:22:39","date_gmt":"2023-01-02T17:22:39","guid":{"rendered":"https:\/\/www.hallboif.se\/?page_id=78"},"modified":"2026-02-15T21:13:25","modified_gmt":"2026-02-15T20:13:25","slug":"arrangemang","status":"publish","type":"page","link":"https:\/\/www.hallboif.se\/?page_id=78","title":{"rendered":"Arrangemang"},"content":{"rendered":"\n<p><\/p>\n\n\n\n<p><strong>H\u00e4llbo IF Jullotteri 2025<\/strong><\/p>\n\n\n\n<p><strong>1 Skaftdammsugare &#8211; <\/strong><em>&nbsp;M\u00d6BelButiken<\/em> 5 000 kr&nbsp;<strong>66 Kerstin Elvsen<\/strong><br><strong>2 K\u00f6ttl\u00e5da <\/strong><em>&#8211; Bolln\u00e4s slakteri <\/em>2 500 kr <strong>154 Ylva Backman<\/strong><em><br><\/em><strong>3 L\u00f6parsko Brooks<\/strong><em>&#8211; Intersport <\/em>1 800 kr <strong>203 Niklas Debs<\/strong><br><strong>4 Helghyra badtunna<\/strong><em>&#8211; Bolletunnan<\/em>1 500 kr <strong>175 Lasse Arvidsson<\/strong><br><strong>5 SodaStream <\/strong><em>&nbsp;&#8211; H\u00e5kans Radio <\/em>1 500 kr <strong>236 Anneli Blom<\/strong><br><strong>6<\/strong> <strong>Airfryer<\/strong>&#8211;<em>M\u00d6BelButiken<\/em> 1 000 kr <strong>205<\/strong>&nbsp; <strong>Jonas K\u00e4ll\u00e4nge Nilsson<\/strong><br><strong>7 Julp\u00e5se, du v\u00e4ljer inneh\u00e5ll<\/strong><em>&#8211; Tillmans <\/em>1 000 kr <strong>30 Anders Alsing<\/strong><br><strong>8 3m\u00b3 matjord &#8211; <\/strong><em>H\u00e4llbo entreprenad <\/em>1 000 kr <strong>87<\/strong> <strong>Kajs Mari \u00d6stlund<\/strong><em><br><\/em><strong>9 Keps, Strumpor &amp; l\u00e5ngkalsong<\/strong> <em>&#8211; Pepes Mode <\/em>950 kr <em>&nbsp;<\/em><strong>166 Ola Persson<\/strong><br><strong>10 3 Kg f\u00e4rsk fisk<\/strong> &#8211;<em>Br Olssons fiskodling<\/em> 450 kr <strong>153 Inga-Lisa west<\/strong><br><strong>11<\/strong> <strong>Bowling 1 bana i 1h<\/strong> <em>&#8211; Bolln\u00e4s Bowling <\/em>360 kr&nbsp; <strong>224 Jenny West<\/strong><br><strong>12 Cool runnings spel<\/strong><em>&#8211; Torgboden<\/em> 400 kr <strong>178 Andreas Wirback<\/strong><br><strong>13 Bordslampa<\/strong> <em>Sonepar<\/em> 325 kr <strong>213 Andreas Sigurdsson<\/strong><br><strong>14 Smartplug <\/strong>&nbsp;<em>Sonepar <\/em>200 kr <strong>161 Lars Strid<\/strong><br><strong>15 Presentkort<\/strong> <em>&#8211; Hamregrillen<\/em> 300 kr&nbsp; <strong>215<\/strong> <strong>Ann-Carole H\u00f6gqvist<\/strong><br><strong>16<\/strong> <strong>2 Biobiljetter<\/strong> <em>&#8211; Kilafors biografteater<\/em> 300 kr <strong>196 Inge N\u00e4slund<\/strong><br><strong>17 Presentf\u00f6rpackning<\/strong><em>&#8211; Finsmakeriet<\/em> 300 kr <strong>23 Marcus L\u00f6f H\u00e4llstr\u00f6m<\/strong><br><strong>18 Stughyra dygn Stenvallen<\/strong> 1 000 kr <strong>238 Jan-\u00c5ke Blom<\/strong><br><strong>19 1 lott i 50\/50 f\u00f6r december<\/strong> 100 kr <strong>186 \u00c5ke Karlsson<\/strong><\/p>\n\n\n\n<figure class=\"wp-block-image size-large is-resized\"><img loading=\"lazy\" decoding=\"async\" width=\"1024\" height=\"800\" src=\"https:\/\/www.hallboif.se\/wp-content\/uploads\/2025\/07\/anka521-1024x800.jpg\" alt=\"\" class=\"wp-image-944\" style=\"width:253px;height:auto\" srcset=\"https:\/\/www.hallboif.se\/wp-content\/uploads\/2025\/07\/anka521-1024x800.jpg 1024w, https:\/\/www.hallboif.se\/wp-content\/uploads\/2025\/07\/anka521-300x234.jpg 300w, https:\/\/www.hallboif.se\/wp-content\/uploads\/2025\/07\/anka521-768x600.jpg 768w, https:\/\/www.hallboif.se\/wp-content\/uploads\/2025\/07\/anka521-1536x1200.jpg 1536w, https:\/\/www.hallboif.se\/wp-content\/uploads\/2025\/07\/anka521-2048x1600.jpg 2048w\" sizes=\"auto, (max-width: 1024px) 100vw, 1024px\" \/><\/figure>\n\n\n\n<p><strong>Vinstlista Ankrace 2025<\/strong><br>Vinnare anka nr 521 Grattis till 20 000 kr Olivia Setterbrandt<br>Sista ankan nr 4 t\u00e5rta fr\u00e5n Collinis Bosse Hammarberg<\/p>\n\n\n\n<p>Nr 375 Korvp\u00e5se fr\u00e5n Tillmans &#8211; Ivan \u00c4ng<br>nr 76 Presentkort Hamregrillen &#8211; Marie Norell<br>nr 914 Spel Torgboden &#8211; Ann-Britt Kihl<br>nr 982 strumpor Pepes Mode &#8211; Maggan Liljegr\u00e4s<br>nr 806 Schampo\/balsam Rituals Gun-Britt Larsson<br>nr 798 H\u00e4llbo -tr\u00f6ja -Therese Geschwind<br>nr 117 H\u00e4llbo-tr\u00f6ja  \u00d6rjan Larsson<br>nr 697 Pike-tr\u00f6ja &#8211; Annica Robertsson<br>nr 56 Pike-tr\u00f6ja Rose-Marie Almkvist<br>nr 26 Grillkol &#8211; Skogens kol &#8211; Petra Nilsson Fors<br>nr 75 T-shirt &#8211; Dennis Bergman<br>nr 267 Champagneglas &#8211; Kjell Claesson<br>nr 357 Keps &#8211; Bernt Larsson<br>nr 645 Sverige-tr\u00f6ja &#8211; Gittan Hedlund<br>nr 499 Solglas\u00f6gon &#8211; Njord Stridh<br>nr 457 Ostbestick &#8211; Per Nilsson<br>nr 618 Rivj\u00e4rn &#8211; Peter Jonsson<br>nr 772 T\u00e5rtspade Per Nilsson<br>nr 508 Schampo &#8211; Ann Westblom<br>nr 185 Vattenflaska Olle Olsson.<br>Vi tackar alla sponsorer och alla som k\u00f6pt lott f\u00f6r ert st\u00f6d!<br><br><br><\/p>\n\n\n\n<p><\/p>\n\n\n\n<p>Program f\u00f6r tr\u00e4ffpunkt Stenvallen<\/p>\n\n\n\n<figure class=\"wp-block-image size-large is-resized\"><img loading=\"lazy\" decoding=\"async\" width=\"1024\" height=\"1024\" src=\"https:\/\/www.hallboif.se\/wp-content\/uploads\/2025\/07\/Traffpunkt-Hemsida-1024x1024.jpeg\" alt=\"\" class=\"wp-image-935\" style=\"width:251px;height:auto\" srcset=\"https:\/\/www.hallboif.se\/wp-content\/uploads\/2025\/07\/Traffpunkt-Hemsida-1024x1024.jpeg 1024w, https:\/\/www.hallboif.se\/wp-content\/uploads\/2025\/07\/Traffpunkt-Hemsida-300x300.jpeg 300w, https:\/\/www.hallboif.se\/wp-content\/uploads\/2025\/07\/Traffpunkt-Hemsida-150x150.jpeg 150w, https:\/\/www.hallboif.se\/wp-content\/uploads\/2025\/07\/Traffpunkt-Hemsida-768x768.jpeg 768w, https:\/\/www.hallboif.se\/wp-content\/uploads\/2025\/07\/Traffpunkt-Hemsida.jpeg 1080w\" sizes=\"auto, (max-width: 1024px) 100vw, 1024px\" \/><\/figure>\n\n\n\n<p><strong>Tidigare event och lotterivinnare<\/strong><\/p>\n\n\n\n<p><strong>Herte\/H\u00e4llbo<\/strong> \u00e4r \u00e5rets vinnare av familjebr\u00e4nnbollen. Grattis!<\/p>\n\n\n\n<figure class=\"wp-block-image size-large is-resized\"><img loading=\"lazy\" decoding=\"async\" width=\"1024\" height=\"1024\" src=\"https:\/\/www.hallboif.se\/wp-content\/uploads\/2025\/05\/Familjebrannbollklar-2-1024x1024.jpeg\" alt=\"\" class=\"wp-image-914\" style=\"width:202px;height:auto\" srcset=\"https:\/\/www.hallboif.se\/wp-content\/uploads\/2025\/05\/Familjebrannbollklar-2-1024x1024.jpeg 1024w, https:\/\/www.hallboif.se\/wp-content\/uploads\/2025\/05\/Familjebrannbollklar-2-300x300.jpeg 300w, https:\/\/www.hallboif.se\/wp-content\/uploads\/2025\/05\/Familjebrannbollklar-2-150x150.jpeg 150w, https:\/\/www.hallboif.se\/wp-content\/uploads\/2025\/05\/Familjebrannbollklar-2-768x768.jpeg 768w, https:\/\/www.hallboif.se\/wp-content\/uploads\/2025\/05\/Familjebrannbollklar-2.jpeg 1080w\" sizes=\"auto, (max-width: 1024px) 100vw, 1024px\" \/><\/figure>\n\n\n\n<figure class=\"wp-block-image size-large is-resized\"><img loading=\"lazy\" decoding=\"async\" width=\"1024\" height=\"1024\" src=\"https:\/\/www.hallboif.se\/wp-content\/uploads\/2025\/02\/vinteraktivitet-1-1024x1024.png\" alt=\"\" class=\"wp-image-821\" style=\"width:129px;height:auto\" srcset=\"https:\/\/www.hallboif.se\/wp-content\/uploads\/2025\/02\/vinteraktivitet-1-1024x1024.png 1024w, https:\/\/www.hallboif.se\/wp-content\/uploads\/2025\/02\/vinteraktivitet-1-300x300.png 300w, https:\/\/www.hallboif.se\/wp-content\/uploads\/2025\/02\/vinteraktivitet-1-150x150.png 150w, https:\/\/www.hallboif.se\/wp-content\/uploads\/2025\/02\/vinteraktivitet-1-768x768.png 768w, https:\/\/www.hallboif.se\/wp-content\/uploads\/2025\/02\/vinteraktivitet-1.png 1080w\" sizes=\"auto, (max-width: 1024px) 100vw, 1024px\" \/><\/figure>\n\n\n\n<p><strong>Vinstlista jullotteri 2024<\/strong><br><strong>1 Robotdammsugare<\/strong> &#8211; <em>M\u00f6bEL-butiken<\/em> 5 300 kr<br>Nr 44 &#8211; Klas Hallgren<br><strong>2 Helghyra badtunna<\/strong><em> &#8211; Bolletunnan<\/em><strong>  <\/strong>1 500 kr<br>Nr 154 &#8211; Lasse Arvidsson<br><strong>3 Julp\u00e5se, du v\u00e4ljer inneh\u00e5ll<\/strong><em> &#8211; Tillmans<\/em> 1 000 kr<br>Nr 2 &#8211; Jonas Olsson<br><strong>4 3m\u00b3 matjord<\/strong> <em>H\u00e4llbo entreprenad <\/em> 1 000 kr<br>Nr 146 &#8211; \u00c5sa Persson<br><strong>5 3 Kg f\u00e4rsk fisk<\/strong> &#8211;<em> Br Olssons fiskodling<\/em> 450 kr<br>Nr 196 &#8211; Bertil Stridh<br><strong>6<\/strong> <strong>Bowling 1 bana 1h<\/strong> <em>&#8211; Bolln\u00e4s Bowling<\/em> 360 kr<br>Nr 149 &#8211; Marina Hellqvist<br><strong>7<\/strong> <strong>M\u00f6ssa Peak Performance<\/strong> <em>&#8211; Pepes Mode<\/em> 350 kr<br>Nr 229 &#8211; Emil Bergman<br><strong>8 Biltv\u00e4tt<\/strong><em> &#8211; Circle K   <\/em>350 kr<br>Nr 139 &#8211; Bengt-Olof Lindblom<br><strong>9<\/strong> <strong>M\u00f6ssa Lyle &amp; Scott<\/strong><em> &#8211; Pepes Mode<\/em> 300 kr<br>Nr 206 &#8211; Jesper Andersson<br><strong>10 M\u00f6ssa Columbia<\/strong> <em>&#8211; Pepes Mode<\/em> 300 kr<br>Nr 62 &#8211; Carola Norring<br><strong>11 BrainBox Harry Potter<\/strong><em> &#8211; Torgboden<\/em><strong>  <\/strong>300 kr<br>Nr 19 &#8211; Peter Englund<br><strong>12-13 Bacho bitssats<\/strong> <em>ElektroSkandia<\/em> 300 kr\/vinst<br>Nr 78 &#8211; Gunilla Lundman<br>Nr 94 &#8211; Torbj\u00f6rn Berglund<br><strong>14 Axelremsv\u00e4ska<\/strong><em> -Pepes Mode  <\/em>200 kr<br>Nr 188 &#8211; \u00c5ke N\u00e4slund<br><strong>15 Presentkort<\/strong> <em>&#8211; Hamregrillen<\/em> 300 kr<br>Nr 181 &#8211; Maggan Liljegr\u00e4s<br><strong>16<\/strong> <strong>2 Biobiljetter<\/strong> <em>&#8211; Kilafors biografteater<\/em><strong>  <\/strong>300 kr<br>Nr 126 &#8211; Nellie Skoglund<br><strong>17 Presentf\u00f6rpackning<\/strong><em> &#8211; Finsmakeriet<\/em> 300 kr<br>Nr 183 Laila Str\u00f6mberg<br><strong>18 Stughyra dygn Stenvallen<\/strong> 1 000 kr <br>Nr 246 &#8211; Peter Englund<br><strong>19-20 1 lott i 50\/50 f\u00f6r december<\/strong> 100 kr\/vinst<br>Nr 224 &#8211; Emil Bergman<br>Nr 48 &#8211; Robert Johansson<\/p>\n\n\n\n<p>H\u00f6st och lugnt p\u00e5 Stenvallen just nu, men boka och fixa ett eget kalas, billigt och skoj. Eller kanske lite bordtennis i k\u00e4llaren. <a href=\"https:\/\/www.hallboif.se\/?page_id=35\" data-type=\"page\" data-id=\"35\">L\u00e4s mer om bokningar h\u00e4r<\/a>.<\/p>\n\n\n\n<figure class=\"wp-block-image size-large is-resized\"><img loading=\"lazy\" decoding=\"async\" width=\"791\" height=\"1024\" src=\"https:\/\/www.hallboif.se\/wp-content\/uploads\/2024\/11\/Namnlos-14-791x1024.png\" alt=\"\" class=\"wp-image-711\" style=\"width:327px;height:auto\" srcset=\"https:\/\/www.hallboif.se\/wp-content\/uploads\/2024\/11\/Namnlos-14-791x1024.png 791w, https:\/\/www.hallboif.se\/wp-content\/uploads\/2024\/11\/Namnlos-14-232x300.png 232w, https:\/\/www.hallboif.se\/wp-content\/uploads\/2024\/11\/Namnlos-14-768x994.png 768w, https:\/\/www.hallboif.se\/wp-content\/uploads\/2024\/11\/Namnlos-14.png 927w\" sizes=\"auto, (max-width: 791px) 100vw, 791px\" \/><\/figure>\n\n\n\n<h3 class=\"wp-block-heading\"><strong>Ankrace 2024!<\/strong><\/h3>\n\n\n\n<p>Hela loppet hittar ni h\u00e4r:<\/p>\n\n\n\n<p><a href=\"https:\/\/www.youtube.com\/live\/5ub14mn3GLw?si=LfEtLWfCrnOhIAyE \">https:\/\/www.youtube.com\/live\/5ub14mn3GLw?si=LfEtLWfCrnOhIAyE <\/a><\/p>\n\n\n\n<p><strong>Vinstlista 2024<\/strong><br>Vinnare anka nummer 469 Grattis till 20 000 kr Henrik Blom!<br>Sista ankan nr 668, grattis till en t\u00e5rta Silva Frisk<\/p>\n\n\n<div class=\"wp-block-image\">\n<figure class=\"alignright size-large is-resized\"><img loading=\"lazy\" decoding=\"async\" width=\"768\" height=\"1024\" src=\"https:\/\/www.hallboif.se\/wp-content\/uploads\/2024\/08\/4ac6b05c-0d25-4c21-b745-193bd658fe9c-768x1024.jpg\" alt=\"\" class=\"wp-image-679\" style=\"width:159px;height:auto\" srcset=\"https:\/\/www.hallboif.se\/wp-content\/uploads\/2024\/08\/4ac6b05c-0d25-4c21-b745-193bd658fe9c-768x1024.jpg 768w, https:\/\/www.hallboif.se\/wp-content\/uploads\/2024\/08\/4ac6b05c-0d25-4c21-b745-193bd658fe9c-225x300.jpg 225w, https:\/\/www.hallboif.se\/wp-content\/uploads\/2024\/08\/4ac6b05c-0d25-4c21-b745-193bd658fe9c-1152x1536.jpg 1152w, https:\/\/www.hallboif.se\/wp-content\/uploads\/2024\/08\/4ac6b05c-0d25-4c21-b745-193bd658fe9c.jpg 1536w\" sizes=\"auto, (max-width: 768px) 100vw, 768px\" \/><\/figure>\n<\/div>\n\n\n<p>2 kuddar &#8211; nr 450 Leek Edling<br>Biltv\u00e4tt &#8211; nr 514 Carina Nilsson<br>2 badhanddukar &#8211; nr 2 Erika Westh<br>2 blomkrukor &#8211; nr 172 Ann-Britt Kihl Eriksson<br>2 sittunderlag &#8211; nr 246 Lars-Erik Broman<br>Ryggs\u00e4ck + F\u00f6rsta hj\u00e4lpen nr 427 Kicki Engman<br>Startkablar &#8211; nr 491 Fredrik Skoglund<br>Glassk\u00e5l &#8211; nr 243 Gunilla Lundman<br>Termos &#8211; nr 660 Stefan Thanger<br>Stor vattenflaska nr 204 Ann-Britt Ud\u00e9n Westh<br>Pl\u00e4d &#8211; nr 820 Eva Klyvert<br>H\u00f6g ljusstake &#8211; nr 120 Ulrik Nordin<br>L\u00e5g ljusstake &#8211; nr 759 Y Nilsson<br>Honung + burk &#8211; nr 201 Loui Engman<br>Prydnadslampa \u00e4pple &#8211; nr 804 Eva-Lott Bergstr\u00f6m<br>Porslinsk\u00e5l &#8211; nr 775 Anton Arvidsson<br>Vattenflaska st\u00e5l &#8211; nr 285 MAri Liljemark<br>Sillsk\u00e5l &#8211; nr 81 Birgitta Sylve<br>Ljusstake lera &#8211; nr 930 Elias \u00c4ng<br>Tr\u00e4k\u00e4rra &#8211; nr 471 Mattias Engman <br>Plastk\u00e4rra &#8211; nr 213 Ann-Carol H\u00f6gkvist<br><\/p>\n\n\n\n<h2 class=\"wp-block-heading\"><strong>Tr\u00e4ffpunkt Stenvallen<\/strong> &#8211; en del av <a href=\"https:\/\/www.bymella.se\/traffpunkt-stenvallen\" target=\"_blank\" rel=\"noreferrer noopener\">Bymella<\/a><\/h2>\n\n\n\n<figure class=\"wp-block-image size-large is-resized\"><img loading=\"lazy\" decoding=\"async\" width=\"662\" height=\"1024\" src=\"https:\/\/www.hallboif.se\/wp-content\/uploads\/2024\/07\/Traffpunkt-662x1024.png\" alt=\"\" class=\"wp-image-652\" style=\"width:239px;height:auto\" srcset=\"https:\/\/www.hallboif.se\/wp-content\/uploads\/2024\/07\/Traffpunkt-662x1024.png 662w, https:\/\/www.hallboif.se\/wp-content\/uploads\/2024\/07\/Traffpunkt-194x300.png 194w, https:\/\/www.hallboif.se\/wp-content\/uploads\/2024\/07\/Traffpunkt-768x1188.png 768w, https:\/\/www.hallboif.se\/wp-content\/uploads\/2024\/07\/Traffpunkt.png 776w\" sizes=\"auto, (max-width: 662px) 100vw, 662px\" \/><\/figure>\n\n\n\n<p>Familjebr\u00e4nnbollen 2024 vanns av H\u00e4llbo, Grattis.<\/p>\n\n\n\n<figure class=\"wp-block-image size-large is-resized\"><img loading=\"lazy\" decoding=\"async\" width=\"724\" height=\"1024\" src=\"https:\/\/www.hallboif.se\/wp-content\/uploads\/2024\/06\/Hallbo-IF-Brannboll-2024-724x1024.png\" alt=\"\" class=\"wp-image-641\" style=\"width:282px;height:auto\" srcset=\"https:\/\/www.hallboif.se\/wp-content\/uploads\/2024\/06\/Hallbo-IF-Brannboll-2024-724x1024.png 724w, https:\/\/www.hallboif.se\/wp-content\/uploads\/2024\/06\/Hallbo-IF-Brannboll-2024-212x300.png 212w, https:\/\/www.hallboif.se\/wp-content\/uploads\/2024\/06\/Hallbo-IF-Brannboll-2024-768x1086.png 768w, https:\/\/www.hallboif.se\/wp-content\/uploads\/2024\/06\/Hallbo-IF-Brannboll-2024.png 842w\" sizes=\"auto, (max-width: 724px) 100vw, 724px\" \/><\/figure>\n\n\n\n<figure class=\"wp-block-image size-full is-resized\"><img loading=\"lazy\" decoding=\"async\" width=\"800\" height=\"800\" src=\"https:\/\/www.hallboif.se\/wp-content\/uploads\/2024\/02\/vinter.png\" alt=\"\" class=\"wp-image-519\" style=\"width:272px;height:auto\" srcset=\"https:\/\/www.hallboif.se\/wp-content\/uploads\/2024\/02\/vinter.png 800w, https:\/\/www.hallboif.se\/wp-content\/uploads\/2024\/02\/vinter-300x300.png 300w, https:\/\/www.hallboif.se\/wp-content\/uploads\/2024\/02\/vinter-150x150.png 150w, https:\/\/www.hallboif.se\/wp-content\/uploads\/2024\/02\/vinter-768x768.png 768w\" sizes=\"auto, (max-width: 800px) 100vw, 800px\" \/><\/figure>\n\n\n\n<h2 class=\"wp-block-heading\"><strong>Gofika p\u00e5 Stenvallen!<\/strong><\/h2>\n\n\n\n<p><strong>Jullotteri 2023 <\/strong>&#8211; Vinstlista<br>Vinnarna kontaktas f\u00f6r utdelning av priser.<\/p>\n\n\n\n<p><strong>1<\/strong> Robotdammsugare &#8211; <em>M\u00f6bEL-butiken&nbsp; &nbsp;<\/em>Nr  <strong>143 Ann-Britt Westh Udd\u00e9n<\/strong> 6 500 kr<br><strong>2 <\/strong>Gruslast (ink transport inom Bolln\u00e4s)<br>&nbsp; <em>H\u00e4llbo entr. och Krossentreprenad<\/em> Nr <strong>212 \u00c5sa Lindkvist <\/strong>4 000 kr<br><strong>3<\/strong> Julp\u00e5se, du v\u00e4ljer inneh\u00e5ll &#8211; <em>Tillmans<\/em> Nr <strong>128 Anna Hallgren<\/strong> 1 000 kr<br><strong>4<\/strong> 1,5 kubik ved &#8211; <em>Mohlins ved<\/em> Nr <strong>33 Barbro Winqvist<\/strong> 1 000 kr<br><strong>5<\/strong> M\u00f6ssa &#8211; <em>Pepes Mode<\/em> Nr <strong>200 Hacke Persson<\/strong> 450 kr<br><strong>6 <\/strong>Leksaksrobot &#8211; <em>Torgboden<\/em><strong>  <\/strong>Nr 1<strong>20 Mattias Str\u00f6mberg<\/strong> 400 kr<strong><br>7<\/strong>&nbsp; 3 Kg f\u00e4rsk fisk &#8211; <em>Br Olssons fiskodling<\/em> <strong>Nr 172 Janne Olsson<\/strong> 450 kr<br><strong>8 <\/strong>Biltv\u00e4tt &#8211;<em> Circle K<\/em> Nr <strong>39 Arne Bergman<\/strong> 369 kr<strong><br>9 <\/strong>Solglas\u00f6gon &#8211; <em>Pepes Mode<\/em> Nr <strong>166 Johnny Bodin <\/strong>300 kr&nbsp;<br><strong>10<\/strong> 2 Biobiljetter &#8211; <em>Kilafors biografteater<\/em><strong> <\/strong>Nr <strong>220 \u00c5ke N\u00e4slund  <\/strong>300 kr<strong><br>11&nbsp; <\/strong>Bowling 1 bana 1h &#8211; <em>Bolln\u00e4s Bowling<\/em> Nr <strong>23 Kerstin Elvs\u00e9n<\/strong> 240 kr<br><strong>12 <\/strong>Stughyra dygn Stenvallen Nr  <strong>144 Samuel Larsson <\/strong>1 000 kr<br><strong>13 <\/strong>1 lott i 50\/50 f\u00f6r december Nr <strong>191 Maria  Skoglund<\/strong> 100 kr<br><strong>14<\/strong> 1 lott i 50\/50 f\u00f6r december Nr  <strong>54 Kristina Westerholm<\/strong>100 kr<br><strong>15 <\/strong>2 ankor i ankracet 2024 Nr <strong>68 Kristina Jonsing <\/strong>100 kr<\/p>\n\n\n\n<p><br><strong>Br\u00e4nnboll<\/strong> &#8211; traditionen lever igen!<\/p>\n\n\n<div class=\"wp-block-image\">\n<figure class=\"alignright size-full is-resized\"><img loading=\"lazy\" decoding=\"async\" width=\"645\" height=\"909\" src=\"https:\/\/www.hallboif.se\/wp-content\/uploads\/2023\/06\/brann.png\" alt=\"\" class=\"wp-image-380\" style=\"width:127px;height:179px\" srcset=\"https:\/\/www.hallboif.se\/wp-content\/uploads\/2023\/06\/brann.png 645w, https:\/\/www.hallboif.se\/wp-content\/uploads\/2023\/06\/brann-213x300.png 213w\" sizes=\"auto, (max-width: 645px) 100vw, 645px\" \/><\/figure>\n<\/div>\n\n\n<p>Den 1\/7 spelades familjebr\u00e4nnbollen igen efter ett uppeh\u00e5ll i 6 \u00e5r. En helt ny deltagare i form av \u00c5sveden d\u00f6k upp till allas gl\u00e4dje. F\u00f6r att f\u00e5 ungef\u00e4r lika m\u00e5nga deltagare i alla lag slogs<strong> H\u00e5 och V\u00e4stansj\u00f6<\/strong> ihop till ett lag, ett lyckat samarbete som ledde till totalsegern. Grattis!<br>P\u00e5 kv\u00e4llen spelade bandet Trej p\u00e5 Stenvallen. Med ca 100 st i publiken blev det en mycket lyckad afton trots att v\u00e4drets makter inte var med oss. Nu sikta vi p\u00e5 en repris 2024!<\/p>\n\n\n\n<p><\/p>\n\n\n\n<p><strong>H\u00e4llbo-loppet 2023<\/strong> &#8211; l\u00f6rdagen den 18\/2 klockan 14:00 k\u00f6rde vi \u00e4ntligen ett skidlopp p\u00e5 Stenvallen igen. Det var \u00f6ppet f\u00f6r alla barn och alla fick medalj. <br><br>2-3 g\u00e5nger per \u00e5r f\u00f6rs\u00f6ker vi ordna <strong>byafester,<\/strong> med eller utan teman, f\u00f6r v\u00e5ra medlemmar p\u00e5 Stenvallen. P\u00e5 denna sida publicerar vi inbjudningar. N\u00e4sta tillf\u00e4lle \u00e4r l\u00f6rdagen den 1\/7 2023! Mer information kommer under v\u00e5ren.<\/p>\n\n\n<div class=\"wp-block-image\">\n<figure class=\"alignright size-large is-resized\"><img loading=\"lazy\" decoding=\"async\" width=\"1024\" height=\"728\" src=\"https:\/\/www.hallboif.se\/wp-content\/uploads\/2023\/09\/ankrace2023-1024x728.jpg\" alt=\"\" class=\"wp-image-434\" style=\"width:420px;height:299px\" srcset=\"https:\/\/www.hallboif.se\/wp-content\/uploads\/2023\/09\/ankrace2023-1024x728.jpg 1024w, https:\/\/www.hallboif.se\/wp-content\/uploads\/2023\/09\/ankrace2023-300x213.jpg 300w, https:\/\/www.hallboif.se\/wp-content\/uploads\/2023\/09\/ankrace2023-768x546.jpg 768w, https:\/\/www.hallboif.se\/wp-content\/uploads\/2023\/09\/ankrace2023-1536x1092.jpg 1536w, https:\/\/www.hallboif.se\/wp-content\/uploads\/2023\/09\/ankrace2023-2048x1457.jpg 2048w\" sizes=\"auto, (max-width: 1024px) 100vw, 1024px\" \/><\/figure>\n<\/div>\n\n\n<p><strong>Ankrace 2023<\/strong><br>Vinnare till 20 000 anka nr 302 Cristina Berg N\u00e4\u00e4s<br>Sista ankan &#8211; t\u00e5rta &#8211; 845 Irene Krigh<br>Tr\u00f6stpriser<br>421 Ola Persson &#8211; HIF ryggs\u00e4ck<br>597 Peter Edlund &#8211; Biltv\u00e4tt<br>507 Agneta Eriksson &#8211; Pl\u00e4d<br>923 Esther Sandstr\u00f6m &#8211; Pl\u00e4d<br>678 Agneta Bergman &#8211; Ryggs\u00e4ck<br>973 Lennart Sandstr\u00f6m &#8211; Vas<br>2 Ante Olofsson &#8211; Strumpor Bj\u00f6rn Borg<br>128 Agneta Bergman Ljuslykta<br>980 Morgan Westlen &#8211; Tv\u00e5l<br>222 Jens Olsson &#8211; Kaffemugg<br>357 Kent Persson &#8211; Strumpor Intersport<br>193 K-E Edling &#8211; HIF-tr\u00f6ja<br>793 Johan W\u00e4ngdahl &#8211; Honungsburk<br>371 Sara Malm Nilsson &#8211; Honungsburk<br>655 Alfred Wirback &#8211; Strumpor Intersport<br>434 Vera Skoglund &#8211; tr\u00e4dg\u00e5rdsredskap barn<br>192 Micke Larsson &#8211; vattenflaska<br>978 Valborg Persson &#8211; Vattenflaska<br>246 Lena Sj\u00f6str\u00f6m &#8211; Mjuktennis-set<br>209 Jenny Larsson M\u00f6ssa<\/p>\n\n\n\n<h2 class=\"wp-block-heading\"><\/h2>\n","protected":false},"excerpt":{"rendered":"<p>H\u00e4llbo IF Jullotteri 2025 1 Skaftdammsugare &#8211; &nbsp;M\u00d6BelButiken 5 000 kr&nbsp;66 Kerstin Elvsen2 K\u00f6ttl\u00e5da &#8211; Bolln\u00e4s slakteri 2 500 kr 154 Ylva Backman3 L\u00f6parsko Brooks&#8211; Intersport 1 800 kr 203 <a class=\"more-link\" href=\"https:\/\/www.hallboif.se\/?page_id=78\">Continue Reading &rarr;<\/a><\/p>\n","protected":false},"author":2,"featured_media":0,"parent":0,"menu_order":0,"comment_status":"closed","ping_status":"closed","template":"","meta":{"footnotes":""},"class_list":["post-78","page","type-page","status-publish","hentry"],"jetpack_sharing_enabled":true,"_links":{"self":[{"href":"https:\/\/www.hallboif.se\/index.php?rest_route=\/wp\/v2\/pages\/78","targetHints":{"allow":["GET"]}}],"collection":[{"href":"https:\/\/www.hallboif.se\/index.php?rest_route=\/wp\/v2\/pages"}],"about":[{"href":"https:\/\/www.hallboif.se\/index.php?rest_route=\/wp\/v2\/types\/page"}],"author":[{"embeddable":true,"href":"https:\/\/www.hallboif.se\/index.php?rest_route=\/wp\/v2\/users\/2"}],"replies":[{"embeddable":true,"href":"https:\/\/www.hallboif.se\/index.php?rest_route=%2Fwp%2Fv2%2Fcomments&post=78"}],"version-history":[{"count":49,"href":"https:\/\/www.hallboif.se\/index.php?rest_route=\/wp\/v2\/pages\/78\/revisions"}],"predecessor-version":[{"id":1027,"href":"https:\/\/www.hallboif.se\/index.php?rest_route=\/wp\/v2\/pages\/78\/revisions\/1027"}],"wp:attachment":[{"href":"https:\/\/www.hallboif.se\/index.php?rest_route=%2Fwp%2Fv2%2Fmedia&parent=78"}],"curies":[{"name":"wp","href":"https:\/\/api.w.org\/{rel}","templated":true}]}}