{"id":9,"date":"2023-01-02T11:29:25","date_gmt":"2023-01-02T10:29:25","guid":{"rendered":"http:\/\/www.hallboif.se\/wpress\/?page_id=9"},"modified":"2026-04-17T19:35:50","modified_gmt":"2026-04-17T17:35:50","slug":"hallbo-if","status":"publish","type":"page","link":"https:\/\/www.hallboif.se\/","title":{"rendered":"H\u00e4llbo IF"},"content":{"rendered":"\n<h2 class=\"wp-block-heading\">Medlemsavgift 2026<\/h2>\n\n\n\n<figure class=\"wp-block-image size-large is-resized\"><img loading=\"lazy\" decoding=\"async\" width=\"791\" height=\"1024\" src=\"https:\/\/www.hallboif.se\/wp-content\/uploads\/2026\/04\/medlemsavgift-2025-791x1024.png\" alt=\"\" class=\"wp-image-1050\" style=\"aspect-ratio:0.7725114669670878;width:530px;height:auto\" srcset=\"https:\/\/www.hallboif.se\/wp-content\/uploads\/2026\/04\/medlemsavgift-2025-791x1024.png 791w, https:\/\/www.hallboif.se\/wp-content\/uploads\/2026\/04\/medlemsavgift-2025-232x300.png 232w, https:\/\/www.hallboif.se\/wp-content\/uploads\/2026\/04\/medlemsavgift-2025-768x994.png 768w, https:\/\/www.hallboif.se\/wp-content\/uploads\/2026\/04\/medlemsavgift-2025.png 927w\" sizes=\"auto, (max-width: 791px) 100vw, 791px\" \/><\/figure>\n\n\n\n<p><strong>Renovering forts\u00e4tter&#8230;<\/strong><br><br>Uppdatering 2026-04-17<br>Duschar och bastu:<br>Golv och v\u00e4ggar \u00e4r klara.<br>Det \u00e5terst\u00e5r en del fortfarande. Div. r\u00f6rdragning, monteringar bl.a. en bastud\u00f6rr och inredningen i bastun.<br>Golv ska m\u00e5las (bastun).<br>Och st\u00e4dning s\u00e5 klart&#8230;<\/p>\n\n\n\n<p>Uppdatering 2026-01-25<br><strong>Duschar\/Bastu:<\/strong><br>B\u00e5da duschrummen \u00e4r under renovering, detta kommer att ta tid d\u00e5 det \u00e4r ett omfattande jobb.<br>Duschar och bastu kan p.g.a. detta inte anv\u00e4ndas.<\/p>\n\n\n\n<p>Uppdatering Duschar\/Bastu 2026-02-19<br>Arbetet g\u00e5r sakta fram\u00e5t, golv \u00e4r p\u00e5b\u00f6rjat i &#8221;hemmalagets omkl\u00e4dningsrum&#8221;. Om allt g\u00e5r enligt plan, s\u00e5<br>r\u00e4knar vi med att duschrummet \u00e4r klart under Mars. &#8221;Bortalagets omkl\u00e4dningsrum&#8221; likas\u00e5. \u00c4ven h\u00e4r<br>s\u00e5 \u00e4r det golvet som tar tid.<br><br><strong>Stugan:<\/strong> KLAR! &#8211; ny entr\u00e9 och RWC \u00e4r p\u00e5 plats&#8230;.<\/p>\n\n\n\n<p><strong>Bokning av stuga:<\/strong><br><strong>Det \u00e4r \u00e5ter m\u00f6jligt att boka stugan fr\u00e5n vecka 9<\/strong>. <br><br><strong>Tv\u00e4ttstugan:<\/strong><br>F\u00f6r mindre tv\u00e4tt (max 5 Kg) s\u00e5 \u00e4r det nu m\u00f6jligt att tv\u00e4tta, MEN vi har inte torkrum eller torktumlare<br>p\u00e5 plats \u00e4n. Vi letar fortfarande efter en st\u00f6rre maskin, men detta kommer att ta tid.<br><br>Vid ev. fr\u00e5gor. Kontakta vaktm\u00e4stare (hallboif@gmail.com eller <a href=\"tel:+46760281032\">076-028 10 32<\/a> vardagar 08-17)<br>\/Vaktis och snickaren<\/p>\n\n\n\n<p><a href=\"https:\/\/www.hallboif.se\/?page_id=78\" data-type=\"page\" data-id=\"78\">Vinstlista jullotteri 2025<\/a><\/p>\n\n\n\n<p><a href=\"https:\/\/www.hallboif.se\/?page_id=78\" data-type=\"page\" data-id=\"78\">Vinstlista f\u00f6r Ankrace 2025<\/a><\/p>\n\n\n\n<div class=\"wp-block-media-text is-stacked-on-mobile\" style=\"grid-template-columns:36% auto\"><figure class=\"wp-block-media-text__media\"><img loading=\"lazy\" decoding=\"async\" width=\"992\" height=\"700\" src=\"https:\/\/www.hallboif.se\/wp-content\/uploads\/2024\/11\/pingis.png\" alt=\"\" class=\"wp-image-719 size-full\" srcset=\"https:\/\/www.hallboif.se\/wp-content\/uploads\/2024\/11\/pingis.png 992w, https:\/\/www.hallboif.se\/wp-content\/uploads\/2024\/11\/pingis-300x212.png 300w, https:\/\/www.hallboif.se\/wp-content\/uploads\/2024\/11\/pingis-768x542.png 768w\" sizes=\"auto, (max-width: 992px) 100vw, 992px\" \/><\/figure><div class=\"wp-block-media-text__content\">\n<p><strong>Bordtennis i k\u00e4llaren<\/strong>!<br>En pingismatch passar \u00e5ret om men kanske lite b\u00e4ttre under vinterhalv\u00e5ret. Ungdomar och barn som \u00e4r medlem i f\u00f6reningen f\u00e5r spela pingis i k\u00e4llaren p\u00e5 klubbstugan kostnadsfritt (Vuxen som ansvarig).<br><strong>Kontakta vaktm\u00e4stare J\u00f6rgen 076-0281032 eller Niklas 073-8187391 f\u00f6r mer information och bokning.<\/strong><\/p>\n<\/div><\/div>\n\n\n<div class=\"wp-block-image\">\n<figure class=\"alignright size-full is-resized\"><a href=\"https:\/\/drive.google.com\/file\/d\/1Yu4KxLdnHLNvxM2vKdVhNIjzaGkX1mT0\/view?usp=sharing\" target=\"_blank\" rel=\"noreferrer noopener\"><img loading=\"lazy\" decoding=\"async\" width=\"261\" height=\"373\" src=\"https:\/\/www.hallboif.se\/wp-content\/uploads\/2024\/04\/info1.png\" alt=\"\" class=\"wp-image-588\" style=\"width:115px;height:auto\" srcset=\"https:\/\/www.hallboif.se\/wp-content\/uploads\/2024\/04\/info1.png 261w, https:\/\/www.hallboif.se\/wp-content\/uploads\/2024\/04\/info1-210x300.png 210w\" sizes=\"auto, (max-width: 261px) 100vw, 261px\" \/><\/a><\/figure>\n<\/div>\n\n\n<p><a href=\"https:\/\/www.hallboif.se\/?page_id=578\">Informationsblad  (fyra per \u00e5r)  <\/a>H\u00e4r hittar ni f\u00f6reningens informationsblad Lite om vad som \u00e4r p\u00e5 g\u00e5ng fr\u00e5n f\u00f6reningen fram\u00f6ver och en titt i backspegeln. Du ser ocks\u00e5 v\u00e5ra lokala sponsorer, de st\u00f6djer oss s\u00e5 vi hoppas ni v\u00e4ljer att handla hos dem. Bladen delas ocks\u00e5 ut i postl\u00e5dorna i Utomherten.<br><\/p>\n\n\n\n<h2 class=\"wp-block-heading\"><strong>50\/50-lotteri!<\/strong><\/h2>\n\n\n\n<p><a href=\"https:\/\/www.hallboif.se\/?page_id=7\">Senaste vinnaren i 50\/50-lotteriet<\/a><\/p>\n\n\n<div class=\"wp-block-image\">\n<figure class=\"alignright size-full is-resized\"><img loading=\"lazy\" decoding=\"async\" width=\"900\" height=\"537\" src=\"https:\/\/www.hallboif.se\/wp-content\/uploads\/2023\/01\/kallaren.jpg\" alt=\"\" class=\"wp-image-200\" style=\"aspect-ratio:1.675977653631285;width:233px;height:auto\" srcset=\"https:\/\/www.hallboif.se\/wp-content\/uploads\/2023\/01\/kallaren.jpg 900w, https:\/\/www.hallboif.se\/wp-content\/uploads\/2023\/01\/kallaren-300x179.jpg 300w, https:\/\/www.hallboif.se\/wp-content\/uploads\/2023\/01\/kallaren-768x458.jpg 768w\" sizes=\"auto, (max-width: 900px) 100vw, 900px\" \/><\/figure>\n<\/div>\n\n\n<p><strong>Hyr v\u00e5r anl\u00e4ggning<\/strong><br>Klubbstuga, fotbollsplan, omkl\u00e4dningsrum, pingis, bastu, t\u00e4lt, bord och stolar&#8230; Vi har mycket ni kan hyra f\u00f6r en billig penning &#8211; <a href=\"https:\/\/www.hallboif.se\/?page_id=35\" data-type=\"page\" data-id=\"35\">l\u00e4s mer h\u00e4r<\/a><br><\/p>\n\n\n\n<p><a href=\"https:\/\/www.hallboif.se\/?page_id=273\" data-type=\"page\" data-id=\"273\"><strong>Sponsorhuset &#8211; dina ink\u00f6p ger pengar till H\u00e4llbo IF!<\/strong><\/a><\/p>\n\n\n\n<p><strong>V\u00e4lkommen till H\u00e4llbo IF, en f\u00f6rening i Bolln\u00e4s kommun, grundad 1941.<\/strong><br>P\u00e5 Stenvallen har vi v\u00e5r egna anl\u00e4ggning med fotbollsplan, omkl\u00e4dningsrum, isbana p\u00e5 vintern och klubbstuga. <a href=\"https:\/\/www.hallboif.se\/?page_id=35\" data-type=\"page\" data-id=\"35\">L\u00e4s mer om anl\u00e4ggningen och hur du bokar den h\u00e4r.<\/a><br>V\u00e5ra tv\u00e5 huvudidrotter \u00e4r fotboll och handboll. P\u00e5 sidan <a href=\"https:\/\/www.hallboif.se\/?page_id=67\" data-type=\"page\" data-id=\"67\">v\u00e5ra lag <\/a>hittar ni kontaktuppgifter till v\u00e5ra ledare.<\/p>\n\n\n\n<p>F\u00f6r att h\u00e5lla er uppdaterad med <strong>aktuell information<\/strong> om fotbollsverksamhet, lotterier, arrangemang med mera <a rel=\"noreferrer noopener\" href=\"https:\/\/www.facebook.com\/hallboif\" target=\"_blank\">kan ni f\u00f6lja oss p\u00e5 Facebook<\/a> och <a href=\"https:\/\/www.instagram.com\/hallbo_if\/\" target=\"_blank\" rel=\"noreferrer noopener\">Instagram<\/a><\/p>\n\n\n\n<p><br><strong>Kontakt:<\/strong> <a rel=\"noreferrer noopener\" href=\"mailto:hallboif@gmail.com\" target=\"_blank\">hallboif@gmail.com <\/a><\/p>\n\n\n\n<p><strong>Vaktm\u00e4stare:<\/strong> J\u00f6rgen Bergsten, <a href=\"tel:+46760281032\">telefon 076-028 10 32<\/a><\/p>\n","protected":false},"excerpt":{"rendered":"<p>Medlemsavgift 2026 Renovering forts\u00e4tter&#8230; Uppdatering 2026-04-17Duschar och bastu:Golv och v\u00e4ggar \u00e4r klara.Det \u00e5terst\u00e5r en del fortfarande. Div. r\u00f6rdragning, monteringar bl.a. en bastud\u00f6rr och inredningen i bastun.Golv ska m\u00e5las (bastun).Och st\u00e4dning <a class=\"more-link\" href=\"https:\/\/www.hallboif.se\/\">Continue Reading &rarr;<\/a><\/p>\n","protected":false},"author":2,"featured_media":0,"parent":0,"menu_order":0,"comment_status":"closed","ping_status":"closed","template":"","meta":{"footnotes":""},"class_list":["post-9","page","type-page","status-publish","hentry"],"jetpack_sharing_enabled":true,"_links":{"self":[{"href":"https:\/\/www.hallboif.se\/index.php?rest_route=\/wp\/v2\/pages\/9","targetHints":{"allow":["GET"]}}],"collection":[{"href":"https:\/\/www.hallboif.se\/index.php?rest_route=\/wp\/v2\/pages"}],"about":[{"href":"https:\/\/www.hallboif.se\/index.php?rest_route=\/wp\/v2\/types\/page"}],"author":[{"embeddable":true,"href":"https:\/\/www.hallboif.se\/index.php?rest_route=\/wp\/v2\/users\/2"}],"replies":[{"embeddable":true,"href":"https:\/\/www.hallboif.se\/index.php?rest_route=%2Fwp%2Fv2%2Fcomments&post=9"}],"version-history":[{"count":168,"href":"https:\/\/www.hallboif.se\/index.php?rest_route=\/wp\/v2\/pages\/9\/revisions"}],"predecessor-version":[{"id":1057,"href":"https:\/\/www.hallboif.se\/index.php?rest_route=\/wp\/v2\/pages\/9\/revisions\/1057"}],"wp:attachment":[{"href":"https:\/\/www.hallboif.se\/index.php?rest_route=%2Fwp%2Fv2%2Fmedia&parent=9"}],"curies":[{"name":"wp","href":"https:\/\/api.w.org\/{rel}","templated":true}]}}